{"id":213,"date":"2022-10-09T16:36:55","date_gmt":"2022-10-09T14:36:55","guid":{"rendered":"https:\/\/sancafe.fr\/?page_id=213"},"modified":"2023-06-22T16:18:19","modified_gmt":"2023-06-22T14:18:19","slug":"qui-sommes-nous","status":"publish","type":"page","link":"https:\/\/sancafe.fr\/index.php\/qui-sommes-nous\/","title":{"rendered":"Notre philosophie"},"content":{"rendered":"\t\t<div data-elementor-type=\"wp-page\" data-elementor-id=\"213\" class=\"elementor elementor-213\" data-elementor-post-type=\"page\">\n\t\t\t\t\t\t<section class=\"elementor-section elementor-top-section elementor-element elementor-element-66d876b5 elementor-section-content-middle elementor-section-boxed elementor-section-height-default elementor-section-height-default\" data-id=\"66d876b5\" data-element_type=\"section\" data-e-type=\"section\">\n\t\t\t\t\t\t<div class=\"elementor-container elementor-column-gap-no\">\n\t\t\t\t\t<div class=\"elementor-column elementor-col-100 elementor-top-column elementor-element elementor-element-2cb19b1c\" data-id=\"2cb19b1c\" data-element_type=\"column\" data-e-type=\"column\">\n\t\t\t<div class=\"elementor-widget-wrap elementor-element-populated\">\n\t\t\t\t\t\t<div class=\"elementor-element elementor-element-31cfbb1a elementor-widget elementor-widget-icon-box\" data-id=\"31cfbb1a\" data-element_type=\"widget\" data-e-type=\"widget\" data-widget_type=\"icon-box.default\">\n\t\t\t\t<div class=\"elementor-widget-container\">\n\t\t\t\t\t\t\t<div class=\"elementor-icon-box-wrapper\">\n\n\t\t\t\n\t\t\t\t\t\t<div class=\"elementor-icon-box-content\">\n\n\t\t\t\t\t\t\t\t\t<h3 class=\"elementor-icon-box-title\">\n\t\t\t\t\t\t<span  >\n\t\t\t\t\t\t\t<b>Notre philosophie :<\/b>\t\t\t\t\t\t<\/span>\n\t\t\t\t\t<\/h3>\n\t\t\t\t\n\t\t\t\t\t\t\t\t\t<p class=\"elementor-icon-box-description\">\n\t\t\t\t\t\tLe SAN CAFE est plus qu\u2019un endroit o\u00f9 l\u2019on vend du caf\u00e9, des p\u00e2tisseries et de la cuisine d\u2019inspiration asiatique. Nous l\u2019avons imagin\u00e9 comme un lieu de vie, de partage o\u00f9 chacun se sentirait un peu comme \u00e0 la maison.<br><br>Venir au SAN CAFE, c\u2019est avoir la certitude que chaque produit propos\u00e9 est <b>fait maison<\/b> avec des <b>produits de qualit\u00e9<\/b>, et que notre <b>caf\u00e9 <\/b>dit <b><i>de sp\u00e9cialit\u00e9<\/i><\/b> (terme un peu pompeux on vous l\u2019accorde, mais qui veut surtout dire qu\u2019il est issu d\u2019une fili\u00e8re Responsable, Tra\u00e7able et Durable) provient d\u2019un torr\u00e9facteur parisien qui a \u00e0 coeur de proposer <b>des caf\u00e9s hors du commun<\/b>, d\u2019une qualit\u00e9 incomparable, \u00e9thique et \u00e9cologique. Leur atelier de torr\u00e9faction se situe dans le 15e arrondissement de Paris (F\u00e8ve Coffee).<br>\t\t\t\t\t<\/p>\n\t\t\t\t\n\t\t\t<\/div>\n\t\t\t\n\t\t<\/div>\n\t\t\t\t\t\t<\/div>\n\t\t\t\t<\/div>\n\t\t\t\t<div class=\"elementor-element elementor-element-511900 elementor-widget elementor-widget-icon-box\" data-id=\"511900\" data-element_type=\"widget\" data-e-type=\"widget\" data-widget_type=\"icon-box.default\">\n\t\t\t\t<div class=\"elementor-widget-container\">\n\t\t\t\t\t\t\t<div class=\"elementor-icon-box-wrapper\">\n\n\t\t\t\n\t\t\t\t\t\t<div class=\"elementor-icon-box-content\">\n\n\t\t\t\t\t\t\t\t\t<h3 class=\"elementor-icon-box-title\">\n\t\t\t\t\t\t<a href=\"https:\/\/sancafe.fr\/index.php\/nos-engagements\/\" >\n\t\t\t\t\t\t\t<b>retrouvez nos engagements ici<\/b>\t\t\t\t\t\t<\/a>\n\t\t\t\t\t<\/h3>\n\t\t\t\t\n\t\t\t\t\n\t\t\t<\/div>\n\t\t\t\n\t\t<\/div>\n\t\t\t\t\t\t<\/div>\n\t\t\t\t<\/div>\n\t\t\t\t\t<\/div>\n\t\t<\/div>\n\t\t\t\t\t<\/div>\n\t\t<\/section>\n\t\t\t\t<\/div>\n\t\t","protected":false},"excerpt":{"rendered":"<p>Notre philosophie : Le SAN CAFE est plus qu\u2019un endroit o\u00f9 l\u2019on vend du caf\u00e9, des p\u00e2tisseries et de la cuisine d\u2019inspiration asiatique. Nous l\u2019avons imagin\u00e9 comme un lieu de vie, de partage o\u00f9 chacun se sentirait un peu comme \u00e0 la maison. Venir au SAN CAFE, c\u2019est avoir la certitude que chaque produit propos\u00e9&hellip;&nbsp;<a href=\"https:\/\/sancafe.fr\/index.php\/qui-sommes-nous\/\" rel=\"bookmark\"><span class=\"screen-reader-text\">Notre philosophie<\/span><\/a><\/p>\n","protected":false},"author":1,"featured_media":0,"parent":0,"menu_order":0,"comment_status":"closed","ping_status":"closed","template":"page-templates\/template-pagebuilder-full-width.php","meta":{"om_disable_all_campaigns":false,"_monsterinsights_skip_tracking":false,"_monsterinsights_sitenote_active":false,"_monsterinsights_sitenote_note":"","_monsterinsights_sitenote_category":0,"neve_meta_sidebar":"","neve_meta_container":"","neve_meta_enable_content_width":"","neve_meta_content_width":0,"neve_meta_title_alignment":"","neve_meta_author_avatar":"","neve_post_elements_order":"","neve_meta_disable_header":"","neve_meta_disable_footer":"","neve_meta_disable_title":"","footnotes":""},"class_list":["post-213","page","type-page","status-publish","hentry"],"aioseo_notices":[],"_links":{"self":[{"href":"https:\/\/sancafe.fr\/index.php\/wp-json\/wp\/v2\/pages\/213","targetHints":{"allow":["GET"]}}],"collection":[{"href":"https:\/\/sancafe.fr\/index.php\/wp-json\/wp\/v2\/pages"}],"about":[{"href":"https:\/\/sancafe.fr\/index.php\/wp-json\/wp\/v2\/types\/page"}],"author":[{"embeddable":true,"href":"https:\/\/sancafe.fr\/index.php\/wp-json\/wp\/v2\/users\/1"}],"replies":[{"embeddable":true,"href":"https:\/\/sancafe.fr\/index.php\/wp-json\/wp\/v2\/comments?post=213"}],"version-history":[{"count":14,"href":"https:\/\/sancafe.fr\/index.php\/wp-json\/wp\/v2\/pages\/213\/revisions"}],"predecessor-version":[{"id":457,"href":"https:\/\/sancafe.fr\/index.php\/wp-json\/wp\/v2\/pages\/213\/revisions\/457"}],"wp:attachment":[{"href":"https:\/\/sancafe.fr\/index.php\/wp-json\/wp\/v2\/media?parent=213"}],"curies":[{"name":"wp","href":"https:\/\/api.w.org\/{rel}","templated":true}]}}